{"id":76,"date":"2018-02-23T12:12:04","date_gmt":"2018-02-23T12:12:04","guid":{"rendered":"https:\/\/naturalife.rtthemes.com\/demo\/?page_id=76"},"modified":"2021-02-22T10:38:35","modified_gmt":"2021-02-22T10:38:35","slug":"home-page","status":"publish","type":"page","link":"https:\/\/redoni-hm.com\/","title":{"rendered":"Home Page"},"content":{"rendered":"\t\t<div data-elementor-type=\"wp-post\" data-elementor-id=\"76\" class=\"elementor elementor-76\">\n\t\t\t\t\t\t<section class=\"elementor-section elementor-top-section elementor-element elementor-element-4d27b3ad elementor-section-full_width elementor-section-height-default elementor-section-height-default\" data-id=\"4d27b3ad\" data-element_type=\"section\">\n\t\t\t\t\t\t<div class=\"elementor-container elementor-column-gap-no\">\n\t\t\t\t\t<div class=\"elementor-column elementor-col-100 elementor-top-column elementor-element elementor-element-10fbba86\" data-id=\"10fbba86\" data-element_type=\"column\">\n\t\t\t<div class=\"elementor-widget-wrap\">\n\t\t\t\t\t\t\t<\/div>\n\t\t<\/div>\n\t\t\t\t\t<\/div>\n\t\t<\/section>\n\t\t\t\t<section class=\"elementor-section elementor-top-section elementor-element elementor-element-e09fc3 elementor-section-boxed elementor-section-height-default elementor-section-height-default\" data-id=\"e09fc3\" data-element_type=\"section\">\n\t\t\t\t\t\t<div class=\"elementor-container elementor-column-gap-default\">\n\t\t\t\t\t<div class=\"elementor-column elementor-col-33 elementor-top-column elementor-element elementor-element-400ebf4b\" data-id=\"400ebf4b\" data-element_type=\"column\">\n\t\t\t<div class=\"elementor-widget-wrap elementor-element-populated\">\n\t\t\t\t\t\t<div class=\"elementor-element elementor-element-7195e5e6 elementor-view-framed elementor-shape-circle elementor-widget elementor-widget-icon\" data-id=\"7195e5e6\" data-element_type=\"widget\" data-widget_type=\"icon.default\">\n\t\t\t\t<div class=\"elementor-widget-container\">\n\t\t\t\t\t\t\t<div class=\"elementor-icon-wrapper\">\n\t\t\t<div class=\"elementor-icon\">\n\t\t\t\t\t\t\t<i class=\"rt-elementor-icon icon-48_store\" aria-hidden=\"true\"><\/i>\n\t\t\t\t\t\t<\/div>\n\t\t<\/div>\n\t\t\t\t\t\t<\/div>\n\t\t\t\t<\/div>\n\t\t\t\t<div class=\"elementor-element elementor-element-301411d elementor-widget elementor-widget-text-editor\" data-id=\"301411d\" data-element_type=\"widget\" data-widget_type=\"text-editor.default\">\n\t\t\t\t<div class=\"elementor-widget-container\">\n\t\t\t\t\t\t\t\t\tKompania jon\u00eb ju ofron klient\u00ebve dhe partner\u00ebve t\u00eb vet nj\u00eb disponueshm\u00ebri t\u00eb gjer\u00eb t\u00eb artikujve.\t\t\t\t\t\t\t\t<\/div>\n\t\t\t\t<\/div>\n\t\t\t\t\t<\/div>\n\t\t<\/div>\n\t\t\t\t<div class=\"elementor-column elementor-col-33 elementor-top-column elementor-element elementor-element-217d4574\" data-id=\"217d4574\" data-element_type=\"column\">\n\t\t\t<div class=\"elementor-widget-wrap elementor-element-populated\">\n\t\t\t\t\t\t<div class=\"elementor-element elementor-element-38b18866 elementor-view-framed elementor-shape-circle elementor-widget elementor-widget-icon\" data-id=\"38b18866\" data-element_type=\"widget\" data-widget_type=\"icon.default\">\n\t\t\t\t<div class=\"elementor-widget-container\">\n\t\t\t\t\t\t\t<div class=\"elementor-icon-wrapper\">\n\t\t\t<div class=\"elementor-icon\">\n\t\t\t\t\t\t\t<i class=\"rt-elementor-icon icon-19_flask\" aria-hidden=\"true\"><\/i>\n\t\t\t\t\t\t<\/div>\n\t\t<\/div>\n\t\t\t\t\t\t<\/div>\n\t\t\t\t<\/div>\n\t\t\t\t<div class=\"elementor-element elementor-element-7089953d elementor-widget elementor-widget-text-editor\" data-id=\"7089953d\" data-element_type=\"widget\" data-widget_type=\"text-editor.default\">\n\t\t\t\t<div class=\"elementor-widget-container\">\n\t\t\t\t\t\t\t\t\tKlient\u00ebt dhe partner\u00ebt e Redoni HM p\u00ebrfitojn\u00eb nj\u00eb bashk\u00ebpunim t\u00eb leht\u00eb fal\u00eb proceseve t\u00eb avancuara t\u00eb logjistik\u00ebs.\t\t\t\t\t\t\t\t<\/div>\n\t\t\t\t<\/div>\n\t\t\t\t\t<\/div>\n\t\t<\/div>\n\t\t\t\t<div class=\"elementor-column elementor-col-33 elementor-top-column elementor-element elementor-element-666e4181\" data-id=\"666e4181\" data-element_type=\"column\">\n\t\t\t<div class=\"elementor-widget-wrap elementor-element-populated\">\n\t\t\t\t\t\t<div class=\"elementor-element elementor-element-4a50770c elementor-view-framed elementor-shape-circle elementor-widget elementor-widget-icon\" data-id=\"4a50770c\" data-element_type=\"widget\" data-widget_type=\"icon.default\">\n\t\t\t\t<div class=\"elementor-widget-container\">\n\t\t\t\t\t\t\t<div class=\"elementor-icon-wrapper\">\n\t\t\t<div class=\"elementor-icon\">\n\t\t\t\t\t\t\t<i class=\"rt-elementor-icon icon-33_fruit_seedling\" aria-hidden=\"true\"><\/i>\n\t\t\t\t\t\t<\/div>\n\t\t<\/div>\n\t\t\t\t\t\t<\/div>\n\t\t\t\t<\/div>\n\t\t\t\t<div class=\"elementor-element elementor-element-c59b676 elementor-widget elementor-widget-text-editor\" data-id=\"c59b676\" data-element_type=\"widget\" data-widget_type=\"text-editor.default\">\n\t\t\t\t<div class=\"elementor-widget-container\">\n\t\t\t\t\t\t\t\t\tNe ofrojm\u00eb produkte t\u00eb dobishme q\u00eb kan\u00eb efikasitet t\u00eb lart\u00eb por mbi t\u00eb gjitha kan\u00eb siguri t\u00eb garantuar.\t\t\t\t\t\t\t\t<\/div>\n\t\t\t\t<\/div>\n\t\t\t\t\t<\/div>\n\t\t<\/div>\n\t\t\t\t\t<\/div>\n\t\t<\/section>\n\t\t\t\t<section class=\"elementor-section elementor-top-section elementor-element elementor-element-483a8e69 elementor-section-content-middle elementor-section-boxed elementor-section-height-default elementor-section-height-default\" data-id=\"483a8e69\" data-element_type=\"section\" data-settings=\"{&quot;background_background&quot;:&quot;classic&quot;}\">\n\t\t\t\t\t\t\t<div class=\"elementor-background-overlay\"><\/div>\n\t\t\t\t\t\t\t<div class=\"elementor-container elementor-column-gap-default\">\n\t\t\t\t\t<div class=\"elementor-column elementor-col-33 elementor-top-column elementor-element elementor-element-78baf477\" data-id=\"78baf477\" data-element_type=\"column\">\n\t\t\t<div class=\"elementor-widget-wrap\">\n\t\t\t\t\t\t\t<\/div>\n\t\t<\/div>\n\t\t\t\t<div class=\"elementor-column elementor-col-33 elementor-top-column elementor-element elementor-element-2c5e864c\" data-id=\"2c5e864c\" data-element_type=\"column\">\n\t\t\t<div class=\"elementor-widget-wrap elementor-element-populated\">\n\t\t\t\t\t\t<div class=\"elementor-element elementor-element-4d21d169 elementor-widget elementor-widget-text-editor\" data-id=\"4d21d169\" data-element_type=\"widget\" data-widget_type=\"text-editor.default\">\n\t\t\t\t<div class=\"elementor-widget-container\">\n\t\t\t\t\t\t\t\t\tDuke u pozicionuar si kompani serioze q\u00eb ofron produkte e sh\u00ebrbime cil\u00ebsore p\u00ebr konsumatorin p\u00ebrfundimtar, ne u ndihmojm\u00eb t\u00eb gjitha bizneseve partnere q\u00eb ato t\u00eb rriten n\u00eb m\u00ebnyr\u00eb t\u00eb sigurt dhe me progres t\u00eb vazhduesh\u00ebm.\t\t\t\t\t\t\t\t<\/div>\n\t\t\t\t<\/div>\n\t\t\t\t\t<\/div>\n\t\t<\/div>\n\t\t\t\t<div class=\"elementor-column elementor-col-33 elementor-top-column elementor-element elementor-element-5325dc97\" data-id=\"5325dc97\" data-element_type=\"column\">\n\t\t\t<div class=\"elementor-widget-wrap elementor-element-populated\">\n\t\t\t\t\t\t<div class=\"elementor-element elementor-element-5e737406 animated-fast elementor-invisible elementor-widget elementor-widget-image\" data-id=\"5e737406\" data-element_type=\"widget\" data-settings=\"{&quot;_animation&quot;:&quot;fadeInRight&quot;,&quot;_animation_delay&quot;:0}\" data-widget_type=\"image.default\">\n\t\t\t\t<div class=\"elementor-widget-container\">\n\t\t\t\t\t\t\t\t\t\t\t\t\t\t\t<img fetchpriority=\"high\" decoding=\"async\" width=\"626\" height=\"626\" src=\"https:\/\/redoni-hm.com\/wp-content\/uploads\/2021\/02\/midgets-medication-concept_1284-16209.jpg\" class=\"attachment-full size-full wp-image-6665\" alt=\"\" srcset=\"https:\/\/redoni-hm.com\/wp-content\/uploads\/2021\/02\/midgets-medication-concept_1284-16209.jpg 626w, https:\/\/redoni-hm.com\/wp-content\/uploads\/2021\/02\/midgets-medication-concept_1284-16209-300x300.jpg 300w, https:\/\/redoni-hm.com\/wp-content\/uploads\/2021\/02\/midgets-medication-concept_1284-16209-150x150.jpg 150w, https:\/\/redoni-hm.com\/wp-content\/uploads\/2021\/02\/midgets-medication-concept_1284-16209-313x313.jpg 313w, https:\/\/redoni-hm.com\/wp-content\/uploads\/2021\/02\/midgets-medication-concept_1284-16209-600x600.jpg 600w, https:\/\/redoni-hm.com\/wp-content\/uploads\/2021\/02\/midgets-medication-concept_1284-16209-393x393.jpg 393w, https:\/\/redoni-hm.com\/wp-content\/uploads\/2021\/02\/midgets-medication-concept_1284-16209-290x290.jpg 290w\" sizes=\"(max-width: 626px) 100vw, 626px\" \/>\t\t\t\t\t\t\t\t\t\t\t\t\t\t\t<\/div>\n\t\t\t\t<\/div>\n\t\t\t\t\t<\/div>\n\t\t<\/div>\n\t\t\t\t\t<\/div>\n\t\t<\/section>\n\t\t\t\t<section class=\"elementor-section elementor-top-section elementor-element elementor-element-147da729 elementor-section-content-middle elementor-section-boxed elementor-section-height-default elementor-section-height-default\" data-id=\"147da729\" data-element_type=\"section\" data-settings=\"{&quot;background_background&quot;:&quot;classic&quot;}\">\n\t\t\t\t\t\t<div class=\"elementor-container elementor-column-gap-default\">\n\t\t\t\t\t<div class=\"elementor-column elementor-col-50 elementor-top-column elementor-element elementor-element-7b99e0ea\" data-id=\"7b99e0ea\" data-element_type=\"column\">\n\t\t\t<div class=\"elementor-widget-wrap\">\n\t\t\t\t\t\t\t<\/div>\n\t\t<\/div>\n\t\t\t\t<div class=\"elementor-column elementor-col-50 elementor-top-column elementor-element elementor-element-65dcc79d\" data-id=\"65dcc79d\" data-element_type=\"column\">\n\t\t\t<div class=\"elementor-widget-wrap\">\n\t\t\t\t\t\t\t<\/div>\n\t\t<\/div>\n\t\t\t\t\t<\/div>\n\t\t<\/section>\n\t\t\t\t<section class=\"elementor-section elementor-top-section elementor-element elementor-element-dbd814d elementor-section-content-middle elementor-section-boxed elementor-section-height-default elementor-section-height-default\" data-id=\"dbd814d\" data-element_type=\"section\">\n\t\t\t\t\t\t<div class=\"elementor-container elementor-column-gap-default\">\n\t\t\t\t\t<div class=\"elementor-column elementor-col-33 elementor-top-column elementor-element elementor-element-76d88224\" data-id=\"76d88224\" data-element_type=\"column\">\n\t\t\t<div class=\"elementor-widget-wrap\">\n\t\t\t\t\t\t\t<\/div>\n\t\t<\/div>\n\t\t\t\t<div class=\"elementor-column elementor-col-33 elementor-top-column elementor-element elementor-element-64a69bf3\" data-id=\"64a69bf3\" data-element_type=\"column\">\n\t\t\t<div class=\"elementor-widget-wrap elementor-element-populated\">\n\t\t\t\t\t\t<div class=\"elementor-element elementor-element-5b79fcde elementor-widget elementor-widget-text-editor\" data-id=\"5b79fcde\" data-element_type=\"widget\" data-widget_type=\"text-editor.default\">\n\t\t\t\t<div class=\"elementor-widget-container\">\n\t\t\t\t\t\t\t\t\tMe vite t\u00eb t\u00ebra kemi bartur mbi vete besimin e brendeve m\u00eb t\u00eb njohura, brende k\u00ebto t\u00eb zgjeruara vazhdimisht n\u00ebp\u00ebr vite.\t\t\t\t\t\t\t\t<\/div>\n\t\t\t\t<\/div>\n\t\t\t\t\t<\/div>\n\t\t<\/div>\n\t\t\t\t<div class=\"elementor-column elementor-col-33 elementor-top-column elementor-element elementor-element-10b49918\" data-id=\"10b49918\" data-element_type=\"column\">\n\t\t\t<div class=\"elementor-widget-wrap\">\n\t\t\t\t\t\t\t<\/div>\n\t\t<\/div>\n\t\t\t\t\t<\/div>\n\t\t<\/section>\n\t\t\t\t<section class=\"elementor-section elementor-top-section elementor-element elementor-element-3e8b9502 elementor-section-boxed elementor-section-height-default elementor-section-height-default\" data-id=\"3e8b9502\" data-element_type=\"section\" data-settings=\"{&quot;background_background&quot;:&quot;classic&quot;}\">\n\t\t\t\t\t\t<div class=\"elementor-container elementor-column-gap-default\">\n\t\t\t\t\t<div class=\"elementor-column elementor-col-100 elementor-top-column elementor-element elementor-element-b450cb1\" data-id=\"b450cb1\" data-element_type=\"column\">\n\t\t\t<div class=\"elementor-widget-wrap elementor-element-populated\">\n\t\t\t\t\t\t<div class=\"elementor-element elementor-element-580df859 elementor-widget elementor-widget-text-editor\" data-id=\"580df859\" data-element_type=\"widget\" data-widget_type=\"text-editor.default\">\n\t\t\t\t<div class=\"elementor-widget-container\">\n\t\t\t\t\t\t\t\t\tNe p\u00ebrpiqemi vazhdimisht q\u00eb t\u00eb sjellim produktet m\u00eb efektive n\u00eb tregun ton\u00eb. Produkte t\u00eb sigurta, me efikasitet t\u00eb lart\u00eb dhe me \u00e7mime t\u00eb p\u00ebrballueshme.\t\t\t\t\t\t\t\t<\/div>\n\t\t\t\t<\/div>\n\t\t\t\t\t<\/div>\n\t\t<\/div>\n\t\t\t\t\t<\/div>\n\t\t<\/section>\n\t\t\t\t<section class=\"elementor-section elementor-top-section elementor-element elementor-element-6d7dc618 elementor-section-content-middle elementor-section-boxed elementor-section-height-default elementor-section-height-default\" data-id=\"6d7dc618\" data-element_type=\"section\" data-settings=\"{&quot;background_background&quot;:&quot;classic&quot;}\">\n\t\t\t\t\t\t<div class=\"elementor-container elementor-column-gap-default\">\n\t\t\t\t\t<div class=\"elementor-column elementor-col-50 elementor-top-column elementor-element elementor-element-c25ac74\" data-id=\"c25ac74\" data-element_type=\"column\">\n\t\t\t<div class=\"elementor-widget-wrap\">\n\t\t\t\t\t\t\t<\/div>\n\t\t<\/div>\n\t\t\t\t<div class=\"elementor-column elementor-col-50 elementor-top-column elementor-element elementor-element-37372e52\" data-id=\"37372e52\" data-element_type=\"column\">\n\t\t\t<div class=\"elementor-widget-wrap\">\n\t\t\t\t\t\t\t<\/div>\n\t\t<\/div>\n\t\t\t\t\t<\/div>\n\t\t<\/section>\n\t\t\t\t<\/div>\n\t\t","protected":false},"excerpt":{"rendered":"<p>t\u00eb gjitha linjat e reja q\u00eb ofrojm\u00eb n\u00eb treg jan\u00eb PRODUKTE T\u00cb SIGURTA Siguria e produkteve \u00ebsht\u00eb prioriteti yn\u00eb si kompani. Kujdesi jon\u00eb p\u00ebr konsumator\u00ebt dhe partner\u00ebt afarist \u00ebsht\u00eb parimi i par\u00eb i afarizmit. NA KONTAKTONI shih m\u00eb tep\u00ebr p\u00ebrmes partner\u00ebve ton\u00eb ju do t\u00eb jeni pioner n\u00eb INOVACION MJEK\u00cbSOR\u00cb Redoni HM, \u00ebsht\u00eb partner vendor [&hellip;]<\/p>\n","protected":false},"author":1,"featured_media":0,"parent":0,"menu_order":0,"comment_status":"closed","ping_status":"closed","template":"","meta":{"footnotes":""},"class_list":["post-76","page","type-page","status-publish","hentry"],"_links":{"self":[{"href":"https:\/\/redoni-hm.com\/index.php?rest_route=\/wp\/v2\/pages\/76","targetHints":{"allow":["GET"]}}],"collection":[{"href":"https:\/\/redoni-hm.com\/index.php?rest_route=\/wp\/v2\/pages"}],"about":[{"href":"https:\/\/redoni-hm.com\/index.php?rest_route=\/wp\/v2\/types\/page"}],"author":[{"embeddable":true,"href":"https:\/\/redoni-hm.com\/index.php?rest_route=\/wp\/v2\/users\/1"}],"replies":[{"embeddable":true,"href":"https:\/\/redoni-hm.com\/index.php?rest_route=%2Fwp%2Fv2%2Fcomments&post=76"}],"version-history":[{"count":39,"href":"https:\/\/redoni-hm.com\/index.php?rest_route=\/wp\/v2\/pages\/76\/revisions"}],"predecessor-version":[{"id":6690,"href":"https:\/\/redoni-hm.com\/index.php?rest_route=\/wp\/v2\/pages\/76\/revisions\/6690"}],"wp:attachment":[{"href":"https:\/\/redoni-hm.com\/index.php?rest_route=%2Fwp%2Fv2%2Fmedia&parent=76"}],"curies":[{"name":"wp","href":"https:\/\/api.w.org\/{rel}","templated":true}]}}